{"id":83,"date":"2024-05-07T00:22:32","date_gmt":"2024-05-07T00:22:32","guid":{"rendered":"https:\/\/www.get-wtal.de\/?page_id=83"},"modified":"2024-05-10T11:57:46","modified_gmt":"2024-05-10T11:57:46","slug":"leckortung","status":"publish","type":"page","link":"https:\/\/www.get-wtal.de\/index.php\/leckortung\/","title":{"rendered":"Heizungstkontrolle"},"content":{"rendered":"\n<h1 class=\"wp-block-heading\">Leckortung<\/h1>\n\n\n\n<figure class=\"wp-block-image size-full is-resized\"><img loading=\"lazy\" decoding=\"async\" width=\"2498\" height=\"1488\" src=\"https:\/\/www.get-wtal.de\/wp-content\/uploads\/2024\/05\/SeeYouSoon_Logo.png\" alt=\"\" class=\"wp-image-124\" style=\"width:840px;height:auto\" srcset=\"https:\/\/www.get-wtal.de\/wp-content\/uploads\/2024\/05\/SeeYouSoon_Logo.png 2498w, https:\/\/www.get-wtal.de\/wp-content\/uploads\/2024\/05\/SeeYouSoon_Logo-300x179.png 300w, https:\/\/www.get-wtal.de\/wp-content\/uploads\/2024\/05\/SeeYouSoon_Logo-1024x610.png 1024w, https:\/\/www.get-wtal.de\/wp-content\/uploads\/2024\/05\/SeeYouSoon_Logo-768x457.png 768w, https:\/\/www.get-wtal.de\/wp-content\/uploads\/2024\/05\/SeeYouSoon_Logo-1536x915.png 1536w, https:\/\/www.get-wtal.de\/wp-content\/uploads\/2024\/05\/SeeYouSoon_Logo-2048x1220.png 2048w, https:\/\/www.get-wtal.de\/wp-content\/uploads\/2024\/05\/SeeYouSoon_Logo-1064x634.png 1064w, https:\/\/www.get-wtal.de\/wp-content\/uploads\/2024\/05\/SeeYouSoon_Logo-716x427.png 716w, https:\/\/www.get-wtal.de\/wp-content\/uploads\/2024\/05\/SeeYouSoon_Logo-480x286.png 480w\" sizes=\"auto, (max-width: 2498px) 100vw, 2498px\" \/><\/figure>\n\n\n\n<h2 class=\"wp-block-heading\">Feucht- oder Leitungswasserschaden? Wir finden die Ursache!<\/h2>\n\n\n\n<p>Um eine Ausbreitung des Wasserschadens zu verhindern und Schimmelpilzbefall vorzubeugen, ist die schnelle Leckortung von Rohrbr\u00fcchen und deren Reparatur notwendig.<br>Mit der fachgerechten Leckortung kann somit der Rohrbruch zerst\u00f6rungsarm geortet und eine effektive Schadenminderung erzielt werden<\/p>\n\n\n\n<ul class=\"wp-block-list\">\n<li>Qualifizierte Leckortung&nbsp;<\/li>\n\n\n\n<li>Feuchtigkeitsmessung<\/li>\n\n\n\n<li>Zerst\u00f6rungsarm<\/li>\n\n\n\n<li>Wasserschadensanierung<\/li>\n<\/ul>\n\n\n\n<figure class=\"wp-block-image size-large\"><img loading=\"lazy\" decoding=\"async\" width=\"1024\" height=\"610\" src=\"https:\/\/www.get-wtal.de\/wp-content\/uploads\/2024\/05\/SeeYouSoon_Logo-1024x610.png\" alt=\"\" class=\"wp-image-124\" srcset=\"https:\/\/www.get-wtal.de\/wp-content\/uploads\/2024\/05\/SeeYouSoon_Logo-1024x610.png 1024w, https:\/\/www.get-wtal.de\/wp-content\/uploads\/2024\/05\/SeeYouSoon_Logo-300x179.png 300w, https:\/\/www.get-wtal.de\/wp-content\/uploads\/2024\/05\/SeeYouSoon_Logo-768x457.png 768w, https:\/\/www.get-wtal.de\/wp-content\/uploads\/2024\/05\/SeeYouSoon_Logo-1536x915.png 1536w, https:\/\/www.get-wtal.de\/wp-content\/uploads\/2024\/05\/SeeYouSoon_Logo-2048x1220.png 2048w, https:\/\/www.get-wtal.de\/wp-content\/uploads\/2024\/05\/SeeYouSoon_Logo-1064x634.png 1064w, https:\/\/www.get-wtal.de\/wp-content\/uploads\/2024\/05\/SeeYouSoon_Logo-716x427.png 716w, https:\/\/www.get-wtal.de\/wp-content\/uploads\/2024\/05\/SeeYouSoon_Logo-480x286.png 480w\" sizes=\"auto, (max-width: 1024px) 100vw, 1024px\" \/><\/figure>\n\n\n\n<p>Ihr Partner rund ums Haus<\/p>\n\n\n\n<p><strong>Sara-Immobilien-Dienstleistung <\/strong>bem\u00fcht sich verantwortungsbewusst und sachverst\u00e4ndig um Ihre Privat- oder Gewerbeimmobilie. Wir sind Ihr vertrauensvoller Ansprechpartner f\u00fcr Hausmeisterdienste, egal ob Reinigung, marginale Renovierungsarbeiten, Gartenpflege.<\/p>\n\n\n\n<p><strong>Nur wenn Sie zufrieden sind, sind wir es auch!<\/strong><\/p>\n\n\n\n<p><\/p>\n","protected":false},"excerpt":{"rendered":"<p>Leckortung Feucht- oder Leitungswasserschaden? Wir finden die Ursache! Um eine Ausbreitung des Wasserschadens zu verhindern und Schimmelpilzbefall vorzubeugen, ist die schnelle Leckortung von Rohrbr\u00fcchen und [&hellip;]<\/p>\n","protected":false},"author":1,"featured_media":0,"parent":0,"menu_order":0,"comment_status":"closed","ping_status":"closed","template":"","meta":{"footnotes":""},"class_list":["post-83","page","type-page","status-publish","hentry"],"_links":{"self":[{"href":"https:\/\/www.get-wtal.de\/index.php\/wp-json\/wp\/v2\/pages\/83","targetHints":{"allow":["GET"]}}],"collection":[{"href":"https:\/\/www.get-wtal.de\/index.php\/wp-json\/wp\/v2\/pages"}],"about":[{"href":"https:\/\/www.get-wtal.de\/index.php\/wp-json\/wp\/v2\/types\/page"}],"author":[{"embeddable":true,"href":"https:\/\/www.get-wtal.de\/index.php\/wp-json\/wp\/v2\/users\/1"}],"replies":[{"embeddable":true,"href":"https:\/\/www.get-wtal.de\/index.php\/wp-json\/wp\/v2\/comments?post=83"}],"version-history":[{"count":3,"href":"https:\/\/www.get-wtal.de\/index.php\/wp-json\/wp\/v2\/pages\/83\/revisions"}],"predecessor-version":[{"id":131,"href":"https:\/\/www.get-wtal.de\/index.php\/wp-json\/wp\/v2\/pages\/83\/revisions\/131"}],"wp:attachment":[{"href":"https:\/\/www.get-wtal.de\/index.php\/wp-json\/wp\/v2\/media?parent=83"}],"curies":[{"name":"wp","href":"https:\/\/api.w.org\/{rel}","templated":true}]}}