{"id":82,"date":"2024-05-07T00:22:32","date_gmt":"2024-05-07T00:22:32","guid":{"rendered":"https:\/\/www.get-wtal.de\/?page_id=82"},"modified":"2024-05-10T11:57:13","modified_gmt":"2024-05-10T11:57:13","slug":"heizungstkontrolle","status":"publish","type":"page","link":"https:\/\/www.get-wtal.de\/index.php\/heizungstkontrolle\/","title":{"rendered":"Heizungstkontrolle"},"content":{"rendered":"\n<figure class=\"wp-block-image size-full is-resized\"><img loading=\"lazy\" decoding=\"async\" width=\"2498\" height=\"1488\" src=\"https:\/\/www.get-wtal.de\/wp-content\/uploads\/2024\/05\/SeeYouSoon_Logo.png\" alt=\"\" class=\"wp-image-124\" style=\"width:840px;height:auto\" srcset=\"https:\/\/www.get-wtal.de\/wp-content\/uploads\/2024\/05\/SeeYouSoon_Logo.png 2498w, https:\/\/www.get-wtal.de\/wp-content\/uploads\/2024\/05\/SeeYouSoon_Logo-300x179.png 300w, https:\/\/www.get-wtal.de\/wp-content\/uploads\/2024\/05\/SeeYouSoon_Logo-1024x610.png 1024w, https:\/\/www.get-wtal.de\/wp-content\/uploads\/2024\/05\/SeeYouSoon_Logo-768x457.png 768w, https:\/\/www.get-wtal.de\/wp-content\/uploads\/2024\/05\/SeeYouSoon_Logo-1536x915.png 1536w, https:\/\/www.get-wtal.de\/wp-content\/uploads\/2024\/05\/SeeYouSoon_Logo-2048x1220.png 2048w, https:\/\/www.get-wtal.de\/wp-content\/uploads\/2024\/05\/SeeYouSoon_Logo-1064x634.png 1064w, https:\/\/www.get-wtal.de\/wp-content\/uploads\/2024\/05\/SeeYouSoon_Logo-716x427.png 716w, https:\/\/www.get-wtal.de\/wp-content\/uploads\/2024\/05\/SeeYouSoon_Logo-480x286.png 480w\" sizes=\"auto, (max-width: 2498px) 100vw, 2498px\" \/><\/figure>\n\n\n\n<h2 class=\"wp-block-heading\">Vernachl\u00e4ssigen Sie nicht Ihre Heizung!<\/h2>\n\n\n\n<p>Ihre Heizung sorgt f\u00fcr Behaglichkeit und Wohnkomfort Jahr f\u00fcr Jahr. Sie liefert W\u00e4rme und sorgt f\u00fcr warmes Wasser. Eine regelm\u00e4\u00dfige Kontrolle Ihrer Heizungsanlage ist Vern\u00fcnftig. Eine regelm\u00e4\u00dfige Kontrolle verhindert Ausf\u00e4lle, gr\u00f6\u00dfere Defekte und reduziert den Verbrauch.<br>Wir kontrollieren alle Gas- und \u00d6lheizungen.<\/p>\n\n\n\n<p><strong>Unsere Leistungen:<\/strong><\/p>\n\n\n\n<ul class=\"wp-block-list\">\n<li>Kontrolle der Anlagen<\/li>\n\n\n\n<li>\u00dcberwachung<\/li>\n\n\n\n<li>F\u00fcllen und Entl\u00fcften<\/li>\n\n\n\n<li>Einstellung der Regelung<\/li>\n<\/ul>\n\n\n\n<h2 class=\"wp-block-heading\">Ihr Partner rund ums Haus<\/h2>\n\n\n\n<p><strong>Sara-Immobilien-Dienstleistung <\/strong>bem\u00fcht sich verantwortungsbewusst und sachverst\u00e4ndig um Ihre Privat- oder Gewerbeimmobilie. Wir sind Ihr vertrauensvoller Ansprechpartner f\u00fcr Hausmeisterdienste, egal ob Reinigung, marginale Renovierungsarbeiten oder Gartenpflege.<\/p>\n\n\n\n<p><strong>Nur wenn Sie zufrieden sind, sind wir es auch!<\/strong><\/p>\n","protected":false},"excerpt":{"rendered":"<p>Vernachl\u00e4ssigen Sie nicht Ihre Heizung! Ihre Heizung sorgt f\u00fcr Behaglichkeit und Wohnkomfort Jahr f\u00fcr Jahr. Sie liefert W\u00e4rme und sorgt f\u00fcr warmes Wasser. Eine regelm\u00e4\u00dfige [&hellip;]<\/p>\n","protected":false},"author":1,"featured_media":0,"parent":0,"menu_order":0,"comment_status":"closed","ping_status":"closed","template":"","meta":{"footnotes":""},"class_list":["post-82","page","type-page","status-publish","hentry"],"_links":{"self":[{"href":"https:\/\/www.get-wtal.de\/index.php\/wp-json\/wp\/v2\/pages\/82","targetHints":{"allow":["GET"]}}],"collection":[{"href":"https:\/\/www.get-wtal.de\/index.php\/wp-json\/wp\/v2\/pages"}],"about":[{"href":"https:\/\/www.get-wtal.de\/index.php\/wp-json\/wp\/v2\/types\/page"}],"author":[{"embeddable":true,"href":"https:\/\/www.get-wtal.de\/index.php\/wp-json\/wp\/v2\/users\/1"}],"replies":[{"embeddable":true,"href":"https:\/\/www.get-wtal.de\/index.php\/wp-json\/wp\/v2\/comments?post=82"}],"version-history":[{"count":3,"href":"https:\/\/www.get-wtal.de\/index.php\/wp-json\/wp\/v2\/pages\/82\/revisions"}],"predecessor-version":[{"id":130,"href":"https:\/\/www.get-wtal.de\/index.php\/wp-json\/wp\/v2\/pages\/82\/revisions\/130"}],"wp:attachment":[{"href":"https:\/\/www.get-wtal.de\/index.php\/wp-json\/wp\/v2\/media?parent=82"}],"curies":[{"name":"wp","href":"https:\/\/api.w.org\/{rel}","templated":true}]}}