{"id":80,"date":"2024-05-07T00:22:32","date_gmt":"2024-05-07T00:22:32","guid":{"rendered":"https:\/\/www.get-wtal.de\/?page_id=80"},"modified":"2024-05-14T11:39:15","modified_gmt":"2024-05-14T11:39:15","slug":"gartenpflege","status":"publish","type":"page","link":"https:\/\/www.get-wtal.de\/index.php\/gartenpflege\/","title":{"rendered":"Gartenpflege"},"content":{"rendered":"<div class=\"wp-block-image\">\n<figure class=\"aligncenter size-full is-resized\"><img loading=\"lazy\" decoding=\"async\" width=\"373\" height=\"280\" src=\"https:\/\/www.get-wtal.de\/wp-content\/uploads\/2024\/05\/hp-get-wtal-05.jpg\" alt=\"\" class=\"wp-image-141\" style=\"width:524px\" srcset=\"https:\/\/www.get-wtal.de\/wp-content\/uploads\/2024\/05\/hp-get-wtal-05.jpg 373w, https:\/\/www.get-wtal.de\/wp-content\/uploads\/2024\/05\/hp-get-wtal-05-300x225.jpg 300w\" sizes=\"auto, (max-width: 373px) 100vw, 373px\" \/><\/figure>\n<\/div>\n\n\n<h2 class=\"wp-block-heading\">Wir pflegen Ihren Garten<\/h2>\n\n\n\n<p>Soll der Garten rund ums Jahr gepflegt aussehen, braucht er regelm\u00e4\u00dfige Pflege und Aufmerksamkeit. Es sind vielf\u00e4ltige Arbeiten mit mehr oder minderem Zeitaufwand n\u00f6tig. Das geht \u00fcber das Erkennen von Sch\u00e4dlingen und Krankheiten sowie deren Bek\u00e4mpfung bis hin zum Beschnitt, Bodenverbesserungen, Bew\u00e4ssern, Unkrautbek\u00e4mpfung und D\u00fcngen \u2013 fachm\u00e4nnisch und zum richtigen Zeitpunkt. Weiterhin z\u00e4hlen das M\u00e4hen des Rasens, die Bodenverbesserung durch D\u00fcngen und Auflockerungsarbeiten sowie das Entsorgen von Schnitt- und M\u00e4hgut dazu.<\/p>\n\n\n\n<ul class=\"wp-block-list\">\n<li>Gr\u00fcnschnitt<\/li>\n\n\n\n<li>Laubbeseitigung<\/li>\n\n\n\n<li>Rasenschnitt<\/li>\n\n\n\n<li>Vertikutieren<\/li>\n\n\n\n<li>Bew\u00e4sserung<\/li>\n\n\n\n<li>Pflege der Au\u00dfenanlagen<\/li>\n\n\n\n<li>ggf. Neuanpflanzung und Baumpflege<\/li>\n\n\n\n<li>u.v.m.<\/li>\n<\/ul>\n\n\n<div class=\"wp-block-image\">\n<figure class=\"aligncenter size-full is-resized\"><img loading=\"lazy\" decoding=\"async\" width=\"396\" height=\"264\" src=\"https:\/\/www.get-wtal.de\/wp-content\/uploads\/2024\/05\/hp-get-wtal-07-1.jpg\" alt=\"\" class=\"wp-image-147\" style=\"width:524px\" srcset=\"https:\/\/www.get-wtal.de\/wp-content\/uploads\/2024\/05\/hp-get-wtal-07-1.jpg 396w, https:\/\/www.get-wtal.de\/wp-content\/uploads\/2024\/05\/hp-get-wtal-07-1-300x200.jpg 300w\" sizes=\"auto, (max-width: 396px) 100vw, 396px\" \/><\/figure>\n<\/div>\n\n\n<p>Ihr Partner rund ums Haus<\/p>\n\n\n\n<p><strong>Sara-Immobilien-Dienstleistung <\/strong>bem\u00fcht sich verantwortungsbewusst und sachverst\u00e4ndig um Ihre Privat- oder Gewerbeimmobilie. Wir sind Ihr vertrauensvoller Ansprechpartner f\u00fcr Hausmeisterdienste, egal ob Reinigung, marginale Renovierungsarbeiten, Gartenpflege oder Winterdienst.<\/p>\n\n\n\n<p><strong>Nur wenn Sie zufrieden sind, sind wir es auch!<\/strong><\/p>\n\n\n<div class=\"wp-block-image\">\n<figure class=\"aligncenter size-full is-resized\"><img loading=\"lazy\" decoding=\"async\" width=\"489\" height=\"215\" src=\"https:\/\/www.get-wtal.de\/wp-content\/uploads\/2024\/05\/hp-get-wtal-08.jpg\" alt=\"\" class=\"wp-image-145\" style=\"width:524px\" srcset=\"https:\/\/www.get-wtal.de\/wp-content\/uploads\/2024\/05\/hp-get-wtal-08.jpg 489w, https:\/\/www.get-wtal.de\/wp-content\/uploads\/2024\/05\/hp-get-wtal-08-300x132.jpg 300w, https:\/\/www.get-wtal.de\/wp-content\/uploads\/2024\/05\/hp-get-wtal-08-480x211.jpg 480w\" sizes=\"auto, (max-width: 489px) 100vw, 489px\" \/><\/figure>\n<\/div>","protected":false},"excerpt":{"rendered":"<p>Wir pflegen Ihren Garten Soll der Garten rund ums Jahr gepflegt aussehen, braucht er regelm\u00e4\u00dfige Pflege und Aufmerksamkeit. Es sind vielf\u00e4ltige Arbeiten mit mehr oder [&hellip;]<\/p>\n","protected":false},"author":1,"featured_media":0,"parent":0,"menu_order":0,"comment_status":"closed","ping_status":"closed","template":"","meta":{"footnotes":""},"class_list":["post-80","page","type-page","status-publish","hentry"],"_links":{"self":[{"href":"https:\/\/www.get-wtal.de\/index.php\/wp-json\/wp\/v2\/pages\/80","targetHints":{"allow":["GET"]}}],"collection":[{"href":"https:\/\/www.get-wtal.de\/index.php\/wp-json\/wp\/v2\/pages"}],"about":[{"href":"https:\/\/www.get-wtal.de\/index.php\/wp-json\/wp\/v2\/types\/page"}],"author":[{"embeddable":true,"href":"https:\/\/www.get-wtal.de\/index.php\/wp-json\/wp\/v2\/users\/1"}],"replies":[{"embeddable":true,"href":"https:\/\/www.get-wtal.de\/index.php\/wp-json\/wp\/v2\/comments?post=80"}],"version-history":[{"count":7,"href":"https:\/\/www.get-wtal.de\/index.php\/wp-json\/wp\/v2\/pages\/80\/revisions"}],"predecessor-version":[{"id":148,"href":"https:\/\/www.get-wtal.de\/index.php\/wp-json\/wp\/v2\/pages\/80\/revisions\/148"}],"wp:attachment":[{"href":"https:\/\/www.get-wtal.de\/index.php\/wp-json\/wp\/v2\/media?parent=80"}],"curies":[{"name":"wp","href":"https:\/\/api.w.org\/{rel}","templated":true}]}}