{"id":109,"date":"2024-05-07T16:09:28","date_gmt":"2024-05-07T16:09:28","guid":{"rendered":"https:\/\/www.get-wtal.de\/?page_id=109"},"modified":"2024-05-14T11:37:03","modified_gmt":"2024-05-14T11:37:03","slug":"entruempelungen","status":"publish","type":"page","link":"https:\/\/www.get-wtal.de\/index.php\/entruempelungen\/","title":{"rendered":"Clever Entr\u00fcmpelung mit Uns"},"content":{"rendered":"\n<p>Mit unserer langj\u00e4hrigen Erfahrung und unserem engagierten Team sind wir darauf spezialisiert, Wohnungen, B\u00fcros, Lagerhallen und andere R\u00e4umlichkeiten effizient und gr\u00fcndlich zu entr\u00fcmpeln.<\/p>\n\n\n<div class=\"wp-block-image\">\n<figure class=\"aligncenter size-full is-resized\"><img loading=\"lazy\" decoding=\"async\" width=\"396\" height=\"264\" src=\"https:\/\/www.get-wtal.de\/wp-content\/uploads\/2024\/05\/hp-get-wtal-09-1.jpg\" alt=\"\" class=\"wp-image-137\" style=\"width:524px\" srcset=\"https:\/\/www.get-wtal.de\/wp-content\/uploads\/2024\/05\/hp-get-wtal-09-1.jpg 396w, https:\/\/www.get-wtal.de\/wp-content\/uploads\/2024\/05\/hp-get-wtal-09-1-300x200.jpg 300w\" sizes=\"auto, (max-width: 396px) 100vw, 396px\" \/><\/figure>\n<\/div>\n\n\n<p>Unser kompetentes Team in Wuppertal begleitet Sie Schritt f\u00fcr Schritt, um sicherzustellen, dass Ihre Entr\u00fcmpelung reibungslos verl\u00e4uft. Wir stehen Ihnen mit Rat und Tat zur Seite, um Ihnen optimale L\u00f6sungen zu bieten und wertvolle Tipps zu geben, wie Sie Ihr Entr\u00fcmpelungsprojekt effizient und kosteneffektiv gestalten k\u00f6nnen.<\/p>\n\n\n\n<ul class=\"wp-block-list\">\n<li>&#8222;Vollst\u00e4ndige Entr\u00fcmpelungsdienste<\/li>\n\n\n\n<li>Professionelle Beratung<\/li>\n\n\n\n<li>Umweltgerechte Entsorgung<\/li>\n\n\n\n<li>Flexibilit\u00e4t und Zuverl\u00e4ssigkeit<\/li>\n\n\n\n<li>Transparente Preisgestaltung<\/li>\n<\/ul>\n\n\n\n<p>Unser versiertes Team begleitet Sie bei jedem Schritt Ihrer Entr\u00fcmpelung, um einen reibungslosen Ablauf sicherzustellen. Wir bieten ma\u00dfgeschneiderte Beratung und wertvolle Tipps, um Ihr Projekt effektiv und kosteneffizient zu gestalten. Unser Fokus liegt auf Umweltschutz und Nachhaltigkeit, daher entsorgen wir s\u00e4mtliche Materialien umweltfreundlich durch Recycling und Wiederverwertung.<\/p>\n\n\n<div class=\"wp-block-image\">\n<figure class=\"aligncenter size-full is-resized\"><img loading=\"lazy\" decoding=\"async\" width=\"373\" height=\"281\" src=\"https:\/\/www.get-wtal.de\/wp-content\/uploads\/2024\/05\/hp-get-wtal-11-2.jpg\" alt=\"\" class=\"wp-image-138\" style=\"width:524px\" title=\"Entr\u00fcmpelungsfirma\" srcset=\"https:\/\/www.get-wtal.de\/wp-content\/uploads\/2024\/05\/hp-get-wtal-11-2.jpg 373w, https:\/\/www.get-wtal.de\/wp-content\/uploads\/2024\/05\/hp-get-wtal-11-2-300x226.jpg 300w\" sizes=\"auto, (max-width: 373px) 100vw, 373px\" \/><\/figure>\n<\/div>\n\n\n<p>Wir verstehen, dass jeder Entr\u00fcmpelungsbedarf einzigartig ist und passen unsere Dienstleistungen flexibel an Ihre individuellen Anforderungen an. Auf unsere Zuverl\u00e4ssigkeit und P\u00fcnktlichkeit k\u00f6nnen Sie sich dabei stets verlassen.&#8220;<\/p>\n\n\n<div class=\"wp-block-image\">\n<figure class=\"aligncenter size-full is-resized\"><img loading=\"lazy\" decoding=\"async\" width=\"396\" height=\"264\" src=\"https:\/\/www.get-wtal.de\/wp-content\/uploads\/2024\/05\/hp-get-wtal-10.jpg\" alt=\"\" class=\"wp-image-139\" style=\"width:524px;height:auto\" srcset=\"https:\/\/www.get-wtal.de\/wp-content\/uploads\/2024\/05\/hp-get-wtal-10.jpg 396w, https:\/\/www.get-wtal.de\/wp-content\/uploads\/2024\/05\/hp-get-wtal-10-300x200.jpg 300w\" sizes=\"auto, (max-width: 396px) 100vw, 396px\" \/><\/figure>\n<\/div>","protected":false},"excerpt":{"rendered":"<p>Mit unserer langj\u00e4hrigen Erfahrung und unserem engagierten Team sind wir darauf spezialisiert, Wohnungen, B\u00fcros, Lagerhallen und andere R\u00e4umlichkeiten effizient und gr\u00fcndlich zu entr\u00fcmpeln. Unser kompetentes [&hellip;]<\/p>\n","protected":false},"author":1,"featured_media":0,"parent":0,"menu_order":0,"comment_status":"closed","ping_status":"closed","template":"","meta":{"footnotes":""},"class_list":["post-109","page","type-page","status-publish","hentry"],"_links":{"self":[{"href":"https:\/\/www.get-wtal.de\/index.php\/wp-json\/wp\/v2\/pages\/109","targetHints":{"allow":["GET"]}}],"collection":[{"href":"https:\/\/www.get-wtal.de\/index.php\/wp-json\/wp\/v2\/pages"}],"about":[{"href":"https:\/\/www.get-wtal.de\/index.php\/wp-json\/wp\/v2\/types\/page"}],"author":[{"embeddable":true,"href":"https:\/\/www.get-wtal.de\/index.php\/wp-json\/wp\/v2\/users\/1"}],"replies":[{"embeddable":true,"href":"https:\/\/www.get-wtal.de\/index.php\/wp-json\/wp\/v2\/comments?post=109"}],"version-history":[{"count":5,"href":"https:\/\/www.get-wtal.de\/index.php\/wp-json\/wp\/v2\/pages\/109\/revisions"}],"predecessor-version":[{"id":140,"href":"https:\/\/www.get-wtal.de\/index.php\/wp-json\/wp\/v2\/pages\/109\/revisions\/140"}],"wp:attachment":[{"href":"https:\/\/www.get-wtal.de\/index.php\/wp-json\/wp\/v2\/media?parent=109"}],"curies":[{"name":"wp","href":"https:\/\/api.w.org\/{rel}","templated":true}]}}